{"id":83,"date":"2026-02-02T11:20:45","date_gmt":"2026-02-02T11:20:45","guid":{"rendered":"https:\/\/cool-banzai.79-142-46-44.plesk.page\/?page_id=83"},"modified":"2026-02-03T10:40:38","modified_gmt":"2026-02-03T10:40:38","slug":"ueber-uns","status":"publish","type":"page","link":"https:\/\/www.volkspflege365.de\/index.php\/ueber-uns\/","title":{"rendered":"\u00dcber uns"},"content":{"rendered":"<div class=\"et_pb_section_0 et_pb_section et_section_regular et_block_section\">\n<div class=\"et_pb_row_0 et_pb_row et_block_row\">\n<div class=\"et_pb_column_0 et_pb_column et_pb_column_4_4 et-last-child et_block_column et_pb_css_mix_blend_mode_passthrough\">\n<div class=\"et_pb_blurb_0 et_pb_blurb et_pb_bg_layout_light et_pb_blurb_position_top et_pb_module et_flex_module\"><div class=\"et_pb_blurb_content et_flex_module\"><div class=\"et_pb_blurb_container\"><h2 class=\"et_pb_module_header\">\u00dcber Volkspflege365<\/h2><div class=\"et_pb_blurb_description\"><p><span>Wir sind Ihr vertrauensvoller Begleiter auf dem Weg zu mehr Lebensqualit\u00e4t und Selbstbestimmung im Alter.<\/span><\/p>\n<\/div><\/div><\/div><\/div>\n<\/div>\n<\/div>\n<\/div>\n\n<div class=\"et_pb_section_1 et_pb_section et_section_regular et_flex_section\">\n<div class=\"et_pb_row_1 et_pb_row et_flex_row\">\n<div class=\"et_pb_column_1 et_pb_column et_flex_column et_pb_css_mix_blend_mode_passthrough et_flex_column_12_24 et_flex_column_12_24_tablet et_flex_column_24_24_phone\">\n<div class=\"et_pb_text_0 et_pb_text et_pb_bg_layout_light et_pb_module et_flex_module\"><div class=\"et_pb_text_inner\"><div class=\"flex items-center gap-3 mb-6\">\n<h2 class=\"text-4xl font-bold text-slate-900\">Unsere Mission<\/h2>\n<\/div>\n<p class=\"text-lg text-slate-700 leading-relaxed mb-6\">Pflege und Pflegebed\u00fcrftigkeit sind komplexe Themen, die oft mit Unsicherheit und \u00dcberforderung verbunden sind. Unser Ziel ist es, Licht ins Dunkel zu bringen.<\/p>\n<p class=\"text-lg text-slate-700 leading-relaxed\">Wir bieten unabh\u00e4ngige, verst\u00e4ndliche Informationen und helfen Ihnen, die Unterst\u00fctzung zu finden, die Sie wirklich brauchen \u2013 ohne Verkaufsdruck, mit echtem Interesse an Ihrem Wohlergehen.<\/p>\n<\/div><\/div>\n<\/div>\n\n<div class=\"et_pb_column_2 et_pb_column et-last-child et_flex_column et_pb_css_mix_blend_mode_passthrough et_flex_column_12_24 et_flex_column_12_24_tablet et_flex_column_24_24_phone\">\n<div class=\"et_pb_image_0 et_pb_image et_pb_module et_flex_module\"><span class=\"et_pb_image_wrap\"><img loading=\"lazy\" decoding=\"async\" src=\"https:\/\/www.volkspflege365.de\/wp-content\/uploads\/2026\/02\/0-c4ecfb28-c25c-4980-9ef1-daa97e1f3308-512x512.jpg\" title=\"0-c4ecfb28-c25c-4980-9ef1-daa97e1f3308-512x512\" width=\"512\" height=\"512\" srcset=\"https:\/\/www.volkspflege365.de\/wp-content\/uploads\/2026\/02\/0-c4ecfb28-c25c-4980-9ef1-daa97e1f3308-512x512.jpg 512w, https:\/\/www.volkspflege365.de\/wp-content\/uploads\/2026\/02\/0-c4ecfb28-c25c-4980-9ef1-daa97e1f3308-512x512-480x480.jpg 480w\" sizes=\"(min-width: 0px) and (max-width: 480px) 480px, (min-width: 481px) 512px, 100vw\" class=\"wp-image-135\" \/><\/span><\/div>\n<\/div>\n<\/div>\n<\/div>\n\n<div class=\"et_pb_section_2 et_pb_section et_section_regular et_flex_section\">\n<div class=\"et_pb_row_2 et_pb_row et_flex_row\">\n<div class=\"et_pb_column_3 et_pb_column et-last-child et_flex_column et_pb_css_mix_blend_mode_passthrough et_flex_column_24_24 et_flex_column_24_24_tablet et_flex_column_24_24_phone\">\n<div class=\"et_pb_blurb_1 et_pb_blurb et_pb_bg_layout_light et_pb_text_align_center et_pb_blurb_position_top et_pb_module et_flex_module\"><div class=\"et_pb_blurb_content et_flex_module\"><div class=\"et_pb_blurb_container\"><h3 class=\"et_pb_module_header\">Unsere Werte<\/h3><div class=\"et_pb_blurb_description\"><p><span>Das Fundament unserer Arbeit und unseres Engagements f\u00fcr Sie.<\/span><\/p>\n<\/div><\/div><\/div><\/div>\n<\/div>\n<\/div>\n<\/div>\n\n<div class=\"et_pb_section_3 et_pb_section et_section_regular et_flex_section\">\n<div class=\"et_pb_row_3 et_pb_row et_flex_row\">\n<div class=\"et_pb_column_4 et_pb_column et_flex_column et_pb_css_mix_blend_mode_passthrough et_flex_column_12_24 et_flex_column_12_24_tablet et_flex_column_24_24_phone\">\n<div class=\"et_pb_blurb_2 et_pb_blurb et_pb_bg_layout_light et_pb_blurb_position_top et_pb_module et_flex_module\"><div class=\"et_pb_blurb_content et_flex_module\"><div class=\"et_pb_main_blurb_image\"><span class=\"et_pb_image_wrap et_pb_only_image_mode_wrap\"><img loading=\"lazy\" decoding=\"async\" src=\"https:\/\/www.volkspflege365.de\/wp-content\/uploads\/2026\/02\/Icons-1-1.png\" width=\"80\" height=\"80\" sizes=\"(max-width: 80px) 100vw, 80px\" class=\"et-waypoint et_pb_animation_top et_pb_animation_top_tablet et_pb_animation_top_phone wp-image-138\" title=\"Icons-1\" \/><\/span><\/div><div class=\"et_pb_blurb_container\"><h3 class=\"et_pb_module_header\">Menschlich & Vertrauensvoll<\/h3><div class=\"et_pb_blurb_description\"><p><span>Wir behandeln jeden Fall mit Empathie und pers\u00f6nlicher Aufmerksamkeit.<\/span><\/p>\n<\/div><\/div><\/div><\/div>\n<\/div>\n\n<div class=\"et_pb_column_5 et_pb_column et_flex_column et_pb_css_mix_blend_mode_passthrough et_flex_column_12_24 et_flex_column_12_24_tablet et_flex_column_24_24_phone\">\n<div class=\"et_pb_blurb_3 et_pb_blurb et_pb_bg_layout_light et_pb_blurb_position_top et_pb_module et_flex_module\"><div class=\"et_pb_blurb_content et_flex_module\"><div class=\"et_pb_main_blurb_image\"><span class=\"et_pb_image_wrap et_pb_only_image_mode_wrap\"><img loading=\"lazy\" decoding=\"async\" src=\"https:\/\/www.volkspflege365.de\/wp-content\/uploads\/2026\/02\/Icons-3.png\" width=\"80\" height=\"80\" sizes=\"(max-width: 80px) 100vw, 80px\" class=\"et-waypoint et_pb_animation_top et_pb_animation_top_tablet et_pb_animation_top_phone wp-image-143\" title=\"Icons-3\" \/><\/span><\/div><div class=\"et_pb_blurb_container\"><h3 class=\"et_pb_module_header\">Transparent & Ehrlich<\/h3><div class=\"et_pb_blurb_description\"><p><span>Keine versteckten Kosten, keine Verkaufstricks \u2013 nur ehrliche Beratung.<\/span><\/p>\n<\/div><\/div><\/div><\/div>\n<\/div>\n\n<div class=\"et_pb_column_6 et_pb_column et_flex_column et_pb_css_mix_blend_mode_passthrough et_flex_column_12_24 et_flex_column_12_24_tablet et_flex_column_24_24_phone\">\n<div class=\"et_pb_blurb_4 et_pb_blurb et_pb_bg_layout_light et_pb_blurb_position_top et_pb_module et_flex_module\"><div class=\"et_pb_blurb_content et_flex_module\"><div class=\"et_pb_main_blurb_image\"><span class=\"et_pb_image_wrap et_pb_only_image_mode_wrap\"><img loading=\"lazy\" decoding=\"async\" src=\"https:\/\/www.volkspflege365.de\/wp-content\/uploads\/2026\/02\/Icons-2.png\" width=\"80\" height=\"80\" sizes=\"(max-width: 80px) 100vw, 80px\" class=\"et-waypoint et_pb_animation_top et_pb_animation_top_tablet et_pb_animation_top_phone wp-image-141\" title=\"Icons-2\" \/><\/span><\/div><div class=\"et_pb_blurb_container\"><h3 class=\"et_pb_module_header\">Kompetent & Aktuell<\/h3><div class=\"et_pb_blurb_description\"><p><span>Unser Wissen ist immer auf dem neuesten Stand der Gesetzgebung.<\/span><\/p>\n<\/div><\/div><\/div><\/div>\n<\/div>\n\n<div class=\"et_pb_column_7 et_pb_column et-last-child et_flex_column et_pb_css_mix_blend_mode_passthrough et_flex_column_12_24 et_flex_column_12_24_tablet et_flex_column_24_24_phone\">\n<div class=\"et_pb_blurb_5 et_pb_blurb et_pb_bg_layout_light et_pb_blurb_position_top et_pb_module et_flex_module\"><div class=\"et_pb_blurb_content et_flex_module\"><div class=\"et_pb_main_blurb_image\"><span class=\"et_pb_image_wrap et_pb_only_image_mode_wrap\"><img loading=\"lazy\" decoding=\"async\" src=\"https:\/\/www.volkspflege365.de\/wp-content\/uploads\/2026\/02\/Icons-4.png\" width=\"80\" height=\"80\" sizes=\"(max-width: 80px) 100vw, 80px\" class=\"et-waypoint et_pb_animation_top et_pb_animation_top_tablet et_pb_animation_top_phone wp-image-144\" title=\"Icons-4\" \/><\/span><\/div><div class=\"et_pb_blurb_container\"><h3 class=\"et_pb_module_header\">Individuell & Pers\u00f6nlich<\/h3><div class=\"et_pb_blurb_description\"><div class=\"mb-20\">\n<div class=\"grid md:grid-cols-2 gap-6\">\n<div>\n<div class=\"rounded-xl bg-card text-card-foreground border-0 shadow-xl hover:shadow-2xl transition-all duration-300 h-full\">\n<div class=\"p-8\">\n<p class=\"text-slate-600 text-lg leading-relaxed\">Jede Situation ist einzigartig \u2013 wir finden ma\u00dfgeschneiderte L\u00f6sungen.<\/p>\n<\/div>\n<\/div>\n<\/div>\n<\/div>\n<\/div>\n<\/div><\/div><\/div><\/div>\n<\/div>\n<\/div>\n<\/div>\n\n<div class=\"et_pb_section_4 et_pb_section et_section_regular et_flex_section\">\n<div class=\"et_pb_row_4 et_pb_row et_flex_row\">\n<div class=\"et_pb_column_8 et_pb_column et-last-child et_flex_column et_pb_css_mix_blend_mode_passthrough et_flex_column_24_24 et_flex_column_24_24_tablet et_flex_column_24_24_phone\">\n<div class=\"et_pb_blurb_6 et_pb_blurb et_pb_bg_layout_light et_pb_text_align_center et_pb_blurb_position_top et_pb_module et_flex_module\"><div class=\"et_pb_blurb_content et_flex_module\"><div class=\"et_pb_blurb_container\"><h3 class=\"et_pb_module_header\">Unsere Partner<\/h3><div class=\"et_pb_blurb_description\"><p><span>Gemeinsam mit gepr\u00fcften Fachpartnern bieten wir Ihnen konkrete L\u00f6sungen.<\/span><\/p>\n<\/div><\/div><\/div><\/div>\n<\/div>\n<\/div>\n<\/div>\n\n<div class=\"et_pb_section_5 et_pb_section et_section_regular et_flex_section\">\n<div class=\"et_pb_row_5 et_pb_row et_flex_row\">\n<div class=\"et_pb_column_9 et_pb_column et_flex_column et_pb_css_mix_blend_mode_passthrough et_flex_column_12_24 et_flex_column_12_24_tablet et_flex_column_24_24_phone\">\n<div class=\"et_pb_blurb_7 et_pb_blurb et_pb_bg_layout_light et_pb_blurb_position_top et_pb_module et_flex_module\"><div class=\"et_pb_blurb_content et_flex_module\"><div class=\"et_pb_main_blurb_image\"><a href=\"https:\/\/sonilift.de\" target=\"_blank\"><span class=\"et_pb_image_wrap\"><span class=\"et-pb-icon et-waypoint et_pb_animation_top et_pb_animation_top_tablet et_pb_animation_top_phone\">\uf559<\/span><\/span><\/a><\/div><div class=\"et_pb_blurb_container\"><h3 class=\"et_pb_module_header\"><a href=\"https:\/\/sonilift.de\" target=\"_blank\">Sonilift<\/a><\/h3><div class=\"et_pb_blurb_description\"><div class=\"mb-20\">\n<div class=\"grid md:grid-cols-2 gap-6\">\n<div class=\"rounded-xl bg-card text-card-foreground border-0 shadow-xl hover:shadow-2xl transition-all duration-300 h-full\">\n<div class=\"p-8\">\n<p class=\"text-slate-600 text-lg leading-relaxed\"><span>Ihr Experte f\u00fcr Treppenlifte und barrierefreie Mobilit\u00e4t im eigenen Zuhause.<\/span><\/p>\n<\/div>\n<\/div>\n<\/div>\n<\/div>\n<\/div><\/div>\n<div class=\"et_pb_module et_pb_button_module_wrapper et_pb_button_0_wrapper\"><a class=\"et_pb_button_0 et_pb_button et_pb_bg_layout_light et_pb_module et_flex_module\" href=\"\">Treppenliftsysteme<\/a><\/div>\n<\/div><\/div>\n<\/div>\n\n<div class=\"et_pb_column_10 et_pb_column et-last-child et_flex_column et_pb_css_mix_blend_mode_passthrough et_flex_column_12_24 et_flex_column_12_24_tablet et_flex_column_24_24_phone\">\n<div class=\"et_pb_blurb_8 et_pb_blurb et_pb_bg_layout_light et_pb_blurb_position_top et_pb_module et_flex_module\"><div class=\"et_pb_blurb_content et_flex_module\"><div class=\"et_pb_main_blurb_image\"><a href=\"https:\/\/fellerhoff-medtec.de\" target=\"_blank\"><span class=\"et_pb_image_wrap\"><span class=\"et-pb-icon et-waypoint et_pb_animation_top et_pb_animation_top_tablet et_pb_animation_top_phone\">\uf559<\/span><\/span><\/a><\/div><div class=\"et_pb_blurb_container\"><h3 class=\"et_pb_module_header\"><a href=\"https:\/\/fellerhoff-medtec.de\" target=\"_blank\">Fellerhoff MED TEC<\/a><\/h3><div class=\"et_pb_blurb_description\"><div class=\"mb-20\">\n<div class=\"grid md:grid-cols-2 gap-6\">\n<div class=\"rounded-xl bg-card text-card-foreground border-0 shadow-xl hover:shadow-2xl transition-all duration-300 h-full\">\n<div class=\"p-8\">\n<p class=\"text-slate-600 text-lg leading-relaxed\"><span>Spezialist f\u00fcr Reha-, Mobilit\u00e4ts- und Medizintechnik mit jahrelanger Erfahrung.<\/span><\/p>\n<\/div>\n<\/div>\n<\/div>\n<\/div>\n<\/div><\/div>\n<div class=\"et_pb_module et_pb_button_module_wrapper et_pb_button_1_wrapper\"><a class=\"et_pb_button_1 et_pb_button et_pb_bg_layout_light et_pb_module et_flex_module\" href=\"\">Medizintechnik &amp; Hilfsmittel<\/a><\/div>\n<\/div><\/div>\n<\/div>\n<\/div>\n<\/div>\n\n<div class=\"et_pb_section_6 et_pb_section et_section_regular et_flex_section\">\n<div class=\"et_pb_row_6 et_pb_row et_flex_row\">\n<div class=\"et_pb_column_11 et_pb_column et-last-child et_flex_column et_pb_css_mix_blend_mode_passthrough et_flex_column_24_24 et_flex_column_24_24_tablet et_flex_column_24_24_phone\">\n<div class=\"et_pb_text_1 et_pb_text et_pb_bg_layout_light et_pb_module et_flex_module\"><div class=\"et_pb_text_inner\"><h2 class=\"text-4xl font-bold mb-4\" style=\"text-align: center;\">Bereit f\u00fcr den n\u00e4chsten Schritt?<\/h2>\n<p class=\"text-xl text-blue-100 mb-8 max-w-2xl mx-auto\" style=\"text-align: center;\">Lassen Sie uns gemeinsam herausfinden, wie wir Ihnen helfen k\u00f6nnen.<\/p>\n<\/div>\n<div class=\"et_pb_module et_pb_button_module_wrapper et_pb_button_2_wrapper\"><a class=\"et_pb_button_2 et_pb_button et_pb_bg_layout_light et_pb_module et_flex_module\" href=\"\">Jetzt kostenlos beraten lassen<\/a><\/div>\n<\/div>\n<\/div>\n<\/div>\n<\/div>","protected":false},"excerpt":{"rendered":"<p>Bei Am Puls der Blogosph\u00e4re setzen wir uns leidenschaftlich daf\u00fcr ein, die Herausforderungen des Alterns zu verstehen und zu meistern. Unser Team besteht aus erfahrenen Fachleuten, die sich daf\u00fcr engagieren, Ihnen nicht nur Informationen zu liefern, sondern auch eine Gemeinschaft zu schaffen, in der jeder geh\u00f6rt wird. Wir glauben daran, dass jeder Mensch das Recht auf ein erf\u00fclltes Leben hat, unabh\u00e4ngig von den H\u00fcrden, die das Alter mit sich bringt. Lassen Sie uns gemeinsam neue Wege finden, um Lebensqualit\u00e4t zu f\u00f6rdern und Selbstbestimmung zu st\u00e4rken.<\/p>\n","protected":false},"author":1,"featured_media":135,"parent":0,"menu_order":0,"comment_status":"closed","ping_status":"closed","template":"","meta":{"footnotes":""},"class_list":["post-83","page","type-page","status-publish","has-post-thumbnail","hentry"],"_links":{"self":[{"href":"https:\/\/www.volkspflege365.de\/index.php\/wp-json\/wp\/v2\/pages\/83","targetHints":{"allow":["GET"]}}],"collection":[{"href":"https:\/\/www.volkspflege365.de\/index.php\/wp-json\/wp\/v2\/pages"}],"about":[{"href":"https:\/\/www.volkspflege365.de\/index.php\/wp-json\/wp\/v2\/types\/page"}],"author":[{"embeddable":true,"href":"https:\/\/www.volkspflege365.de\/index.php\/wp-json\/wp\/v2\/users\/1"}],"replies":[{"embeddable":true,"href":"https:\/\/www.volkspflege365.de\/index.php\/wp-json\/wp\/v2\/comments?post=83"}],"version-history":[{"count":19,"href":"https:\/\/www.volkspflege365.de\/index.php\/wp-json\/wp\/v2\/pages\/83\/revisions"}],"predecessor-version":[{"id":183,"href":"https:\/\/www.volkspflege365.de\/index.php\/wp-json\/wp\/v2\/pages\/83\/revisions\/183"}],"wp:featuredmedia":[{"embeddable":true,"href":"https:\/\/www.volkspflege365.de\/index.php\/wp-json\/wp\/v2\/media\/135"}],"wp:attachment":[{"href":"https:\/\/www.volkspflege365.de\/index.php\/wp-json\/wp\/v2\/media?parent=83"}],"curies":[{"name":"wp","href":"https:\/\/api.w.org\/{rel}","templated":true}]}}